{"id":161,"date":"2021-05-31T14:46:50","date_gmt":"2021-05-31T14:46:50","guid":{"rendered":"http:\/\/ergo-forma.com\/?post_type=product&#038;p=161"},"modified":"2021-05-31T14:46:50","modified_gmt":"2021-05-31T14:46:50","slug":"modulo-de-laboratorio","status":"publish","type":"product","link":"https:\/\/ergo-forma.com\/index.php\/producto\/modulo-de-laboratorio\/","title":{"rendered":"M\u00f3dulo de laboratorio"},"content":{"rendered":"<p>Esta es la descripci\u00f3n del producto que el departamento de arquitectura nos indicar\u00e1.<\/p>\n","protected":false},"excerpt":{"rendered":"<p>Modelo: Xzt40<\/p>\n<p>Marca: Ergoforma<\/p>\n","protected":false},"featured_media":162,"comment_status":"open","ping_status":"closed","template":"","meta":[],"_links":{"self":[{"href":"https:\/\/ergo-forma.com\/index.php\/wp-json\/wp\/v2\/product\/161"}],"collection":[{"href":"https:\/\/ergo-forma.com\/index.php\/wp-json\/wp\/v2\/product"}],"about":[{"href":"https:\/\/ergo-forma.com\/index.php\/wp-json\/wp\/v2\/types\/product"}],"replies":[{"embeddable":true,"href":"https:\/\/ergo-forma.com\/index.php\/wp-json\/wp\/v2\/comments?post=161"}],"version-history":[{"count":0,"href":"https:\/\/ergo-forma.com\/index.php\/wp-json\/wp\/v2\/product\/161\/revisions"}],"wp:featuredmedia":[{"embeddable":true,"href":"https:\/\/ergo-forma.com\/index.php\/wp-json\/wp\/v2\/media\/162"}],"wp:attachment":[{"href":"https:\/\/ergo-forma.com\/index.php\/wp-json\/wp\/v2\/media?parent=161"}],"curies":[{"name":"wp","href":"https:\/\/api.w.org\/{rel}","templated":true}]}}